{"id":1955,"date":"2017-11-12T18:11:19","date_gmt":"2017-11-12T18:11:19","guid":{"rendered":"https:\/\/how-to.watch\/impressumg\/"},"modified":"2017-11-16T23:41:52","modified_gmt":"2017-11-16T23:41:52","slug":"impressum","status":"publish","type":"page","link":"https:\/\/how-to.watch\/de\/impressum\/","title":{"rendered":"Impressum"},"content":{"rendered":"<div class=\"post-single clearfix\">\n<p>how-to.watch wird betrieben von der<\/p>\n<p>Shellfire Gattung &amp; Behr GbR<br \/>\nRosenweg 18<br \/>\n61118 Bad Vilbel<\/p>\n<p>Kontakt:<br \/>\nTel: 0610165925240<br \/>\nE-Mail: hosting@shellfire.de<\/p>\n<p>F\u00fcr die Inhalte verantwortlich:<br \/>\nFlorian Gattung, Rosenstra\u00dfe 5, 65719 Hofheim<\/p>\n<p>Ust-ID: DE243717430<\/p>\n<p>Externe Links:<br \/>\nWir haben keine Kontrolle \u00fcber die Inhalte externer Seiten und haften nicht f\u00fcr diese Inhalte externer Seiten. Wir pr\u00fcfen deren Inhalte sorgf\u00e4ltig bei Linksetzung, k\u00f6nnen aber die Rechtm\u00e4\u00dfigkeit von diesen Inhalten zu sp\u00e4teren Zeitpunkten nicht garantieren. Wenn Ihnen rechtswidrige Inhalte bekannt werden, bitten wir um sofortige Mitteilung. Wir werden diese dann pr\u00fcfen und die Links gegebenenfalls l\u00f6schen.<\/p>\n<\/div>\n","protected":false},"excerpt":{"rendered":"<p>how-to.watch wird betrieben von der Shellfire Gattung &amp; Behr GbR Rosenweg 18 61118 Bad Vilbel Kontakt: Tel: 0610165925240 E-Mail: hosting@shellfire.de F\u00fcr die Inhalte verantwortlich: Florian Gattung, Rosenstra\u00dfe 5, 65719 Hofheim Ust-ID: DE243717430 Externe Links: Wir haben keine Kontrolle \u00fcber die Inhalte externer Seiten und haften nicht f\u00fcr diese Inhalte externer Seiten. Wir pr\u00fcfen deren Inhalte &#8230;<\/p>\n","protected":false},"author":1,"featured_media":0,"parent":0,"menu_order":0,"comment_status":"closed","ping_status":"closed","template":"","meta":{"footnotes":""},"class_list":["post-1955","page","type-page","status-publish","hentry"],"yoast_head":"\n<title>Impressum - How To Watch<\/title>\n<meta name=\"robots\" content=\"index, follow, max-snippet:-1, max-image-preview:large, max-video-preview:-1\" \/>\n<link rel=\"canonical\" href=\"https:\/\/how-to.watch\/de\/impressum\/\" \/>\n<meta property=\"og:locale\" content=\"de_DE\" \/>\n<meta property=\"og:type\" content=\"article\" \/>\n<meta property=\"og:title\" content=\"Impressum - How To Watch\" \/>\n<meta property=\"og:description\" content=\"how-to.watch wird betrieben von der Shellfire Gattung &amp; Behr GbR Rosenweg 18 61118 Bad Vilbel Kontakt: Tel: 0610165925240 E-Mail: hosting@shellfire.de F\u00fcr die Inhalte verantwortlich: Florian Gattung, Rosenstra\u00dfe 5, 65719 Hofheim Ust-ID: DE243717430 Externe Links: Wir haben keine Kontrolle \u00fcber die Inhalte externer Seiten und haften nicht f\u00fcr diese Inhalte externer Seiten. Wir pr\u00fcfen deren Inhalte ...\" \/>\n<meta property=\"og:url\" content=\"https:\/\/how-to.watch\/de\/impressum\/\" \/>\n<meta property=\"og:site_name\" content=\"How To Watch\" \/>\n<meta property=\"article:modified_time\" content=\"2017-11-16T23:41:52+00:00\" \/>\n<meta name=\"twitter:card\" content=\"summary_large_image\" \/>\n<script type=\"application\/ld+json\" class=\"yoast-schema-graph\">{\"@context\":\"https:\\\/\\\/schema.org\",\"@graph\":[{\"@type\":\"WebPage\",\"@id\":\"https:\\\/\\\/how-to.watch\\\/de\\\/impressum\\\/\",\"url\":\"https:\\\/\\\/how-to.watch\\\/de\\\/impressum\\\/\",\"name\":\"Impressum - How To Watch\",\"isPartOf\":{\"@id\":\"https:\\\/\\\/how-to.watch\\\/de\\\/#website\"},\"datePublished\":\"2017-11-12T18:11:19+00:00\",\"dateModified\":\"2017-11-16T23:41:52+00:00\",\"breadcrumb\":{\"@id\":\"https:\\\/\\\/how-to.watch\\\/de\\\/impressum\\\/#breadcrumb\"},\"inLanguage\":\"de\",\"potentialAction\":[{\"@type\":\"ReadAction\",\"target\":[\"https:\\\/\\\/how-to.watch\\\/de\\\/impressum\\\/\"]}]},{\"@type\":\"BreadcrumbList\",\"@id\":\"https:\\\/\\\/how-to.watch\\\/de\\\/impressum\\\/#breadcrumb\",\"itemListElement\":[{\"@type\":\"ListItem\",\"position\":1,\"name\":\"Accueil\",\"item\":\"https:\\\/\\\/how-to.watch\\\/de\\\/\"},{\"@type\":\"ListItem\",\"position\":2,\"name\":\"Impressum\"}]},{\"@type\":\"WebSite\",\"@id\":\"https:\\\/\\\/how-to.watch\\\/de\\\/#website\",\"url\":\"https:\\\/\\\/how-to.watch\\\/de\\\/\",\"name\":\"How To Watch\",\"description\":\"The easy way to unblock your favourite streaming sites\",\"publisher\":{\"@id\":\"https:\\\/\\\/how-to.watch\\\/de\\\/#organization\"},\"potentialAction\":[{\"@type\":\"SearchAction\",\"target\":{\"@type\":\"EntryPoint\",\"urlTemplate\":\"https:\\\/\\\/how-to.watch\\\/de\\\/?s={search_term_string}\"},\"query-input\":{\"@type\":\"PropertyValueSpecification\",\"valueRequired\":true,\"valueName\":\"search_term_string\"}}],\"inLanguage\":\"de\"},{\"@type\":\"Organization\",\"@id\":\"https:\\\/\\\/how-to.watch\\\/de\\\/#organization\",\"name\":\"how-to.watch\",\"url\":\"https:\\\/\\\/how-to.watch\\\/de\\\/\",\"logo\":{\"@type\":\"ImageObject\",\"inLanguage\":\"de\",\"@id\":\"https:\\\/\\\/how-to.watch\\\/de\\\/#\\\/schema\\\/logo\\\/image\\\/\",\"url\":\"https:\\\/\\\/how-to.watch\\\/wp-content\\\/uploads\\\/2017\\\/11\\\/blogo.png\",\"contentUrl\":\"https:\\\/\\\/how-to.watch\\\/wp-content\\\/uploads\\\/2017\\\/11\\\/blogo.png\",\"width\":4002,\"height\":1015,\"caption\":\"how-to.watch\"},\"image\":{\"@id\":\"https:\\\/\\\/how-to.watch\\\/de\\\/#\\\/schema\\\/logo\\\/image\\\/\"}}]}<\/script>\n","yoast_head_json":{"title":"Impressum - How To Watch","robots":{"index":"index","follow":"follow","max-snippet":"max-snippet:-1","max-image-preview":"max-image-preview:large","max-video-preview":"max-video-preview:-1"},"canonical":"https:\/\/how-to.watch\/de\/impressum\/","og_locale":"de_DE","og_type":"article","og_title":"Impressum - How To Watch","og_description":"how-to.watch wird betrieben von der Shellfire Gattung &amp; Behr GbR Rosenweg 18 61118 Bad Vilbel Kontakt: Tel: 0610165925240 E-Mail: hosting@shellfire.de F\u00fcr die Inhalte verantwortlich: Florian Gattung, Rosenstra\u00dfe 5, 65719 Hofheim Ust-ID: DE243717430 Externe Links: Wir haben keine Kontrolle \u00fcber die Inhalte externer Seiten und haften nicht f\u00fcr diese Inhalte externer Seiten. Wir pr\u00fcfen deren Inhalte ...","og_url":"https:\/\/how-to.watch\/de\/impressum\/","og_site_name":"How To Watch","article_modified_time":"2017-11-16T23:41:52+00:00","twitter_card":"summary_large_image","schema":{"@context":"https:\/\/schema.org","@graph":[{"@type":"WebPage","@id":"https:\/\/how-to.watch\/de\/impressum\/","url":"https:\/\/how-to.watch\/de\/impressum\/","name":"Impressum - How To Watch","isPartOf":{"@id":"https:\/\/how-to.watch\/de\/#website"},"datePublished":"2017-11-12T18:11:19+00:00","dateModified":"2017-11-16T23:41:52+00:00","breadcrumb":{"@id":"https:\/\/how-to.watch\/de\/impressum\/#breadcrumb"},"inLanguage":"de","potentialAction":[{"@type":"ReadAction","target":["https:\/\/how-to.watch\/de\/impressum\/"]}]},{"@type":"BreadcrumbList","@id":"https:\/\/how-to.watch\/de\/impressum\/#breadcrumb","itemListElement":[{"@type":"ListItem","position":1,"name":"Accueil","item":"https:\/\/how-to.watch\/de\/"},{"@type":"ListItem","position":2,"name":"Impressum"}]},{"@type":"WebSite","@id":"https:\/\/how-to.watch\/de\/#website","url":"https:\/\/how-to.watch\/de\/","name":"How To Watch","description":"The easy way to unblock your favourite streaming sites","publisher":{"@id":"https:\/\/how-to.watch\/de\/#organization"},"potentialAction":[{"@type":"SearchAction","target":{"@type":"EntryPoint","urlTemplate":"https:\/\/how-to.watch\/de\/?s={search_term_string}"},"query-input":{"@type":"PropertyValueSpecification","valueRequired":true,"valueName":"search_term_string"}}],"inLanguage":"de"},{"@type":"Organization","@id":"https:\/\/how-to.watch\/de\/#organization","name":"how-to.watch","url":"https:\/\/how-to.watch\/de\/","logo":{"@type":"ImageObject","inLanguage":"de","@id":"https:\/\/how-to.watch\/de\/#\/schema\/logo\/image\/","url":"https:\/\/how-to.watch\/edirewhu\/2017\/11\/blogo.png","contentUrl":"https:\/\/how-to.watch\/edirewhu\/2017\/11\/blogo.png","width":4002,"height":1015,"caption":"how-to.watch"},"image":{"@id":"https:\/\/how-to.watch\/de\/#\/schema\/logo\/image\/"}}]}},"_links":{"self":[{"href":"https:\/\/how-to.watch\/de\/wp-json\/wp\/v2\/pages\/1955","targetHints":{"allow":["GET"]}}],"collection":[{"href":"https:\/\/how-to.watch\/de\/wp-json\/wp\/v2\/pages"}],"about":[{"href":"https:\/\/how-to.watch\/de\/wp-json\/wp\/v2\/types\/page"}],"author":[{"embeddable":true,"href":"https:\/\/how-to.watch\/de\/wp-json\/wp\/v2\/users\/1"}],"replies":[{"embeddable":true,"href":"https:\/\/how-to.watch\/de\/wp-json\/wp\/v2\/comments?post=1955"}],"version-history":[{"count":1,"href":"https:\/\/how-to.watch\/de\/wp-json\/wp\/v2\/pages\/1955\/revisions"}],"predecessor-version":[{"id":2968,"href":"https:\/\/how-to.watch\/de\/wp-json\/wp\/v2\/pages\/1955\/revisions\/2968"}],"wp:attachment":[{"href":"https:\/\/how-to.watch\/de\/wp-json\/wp\/v2\/media?parent=1955"}],"curies":[{"name":"wp","href":"https:\/\/api.w.org\/{rel}","templated":true}]}}