{"id":3022,"date":"2017-11-17T08:29:39","date_gmt":"2017-11-17T08:29:39","guid":{"rendered":"https:\/\/how-to.watch\/imprint\/"},"modified":"2017-11-17T08:31:09","modified_gmt":"2017-11-17T08:31:09","slug":"imprint","status":"publish","type":"page","link":"https:\/\/how-to.watch\/es\/imprint\/","title":{"rendered":"Imprint"},"content":{"rendered":"<div class=\"post-single clearfix\">\n<p>how-to.watch es operado por<\/p>\n<p>Shellfire Gattung &amp; Behr GbR<br \/>\nRosenweg 18<br \/>\n61118 Bad Vilbel<\/p>\n<p>Contacto:<br \/>\nTel: +490610165925240<br \/>\ncorreo electr\u00f3nico: hosting@shellfire.de<\/p>\n<p>Responsable por el contenido:<br \/>\nFlorian Gattung, Rosenstra\u00dfe 5, 65719 Hofheim<\/p>\n<p>Ust-ID: DE243717430<\/p>\n<p>V\u00ednculos Externos:<\/p>\n<p>Nosotros no tenemos ning\u00fan control sobre el contenido de paginas web externas y no podemos hacernos responsables por el contenido de sitios web externos. Nosotros revisamos el contenido minuciosamente cuando establecemos el link, pero no podemos garantizar la legalidad de su contenido posteriormente. Si te llegas a dar cuenta de contenido ilegal, por favor hazlo saber inmediatamente. Nosotros entonces revisaremos tu mensaje y quitaremos el link si es apropiado.<\/p>\n<\/div>\n","protected":false},"excerpt":{"rendered":"<p>how-to.watch es operado por Shellfire Gattung &amp; Behr GbR Rosenweg 18 61118 Bad Vilbel Contacto: Tel: +490610165925240 correo electr\u00f3nico: hosting@shellfire.de Responsable por el contenido: Florian Gattung, Rosenstra\u00dfe 5, 65719 Hofheim Ust-ID: DE243717430 V\u00ednculos Externos: Nosotros no tenemos ning\u00fan control sobre el contenido de paginas web externas y no podemos hacernos responsables por el contenido de &#8230;<\/p>\n","protected":false},"author":1,"featured_media":0,"parent":0,"menu_order":0,"comment_status":"closed","ping_status":"closed","template":"","meta":{"footnotes":""},"class_list":["post-3022","page","type-page","status-publish","hentry"],"yoast_head":"\n<title>Imprint - How To Watch<\/title>\n<meta name=\"robots\" content=\"index, follow, max-snippet:-1, max-image-preview:large, max-video-preview:-1\" \/>\n<link rel=\"canonical\" href=\"https:\/\/how-to.watch\/es\/imprint\/\" \/>\n<meta property=\"og:locale\" content=\"es_ES\" \/>\n<meta property=\"og:type\" content=\"article\" \/>\n<meta property=\"og:title\" content=\"Imprint - How To Watch\" \/>\n<meta property=\"og:description\" content=\"how-to.watch es operado por Shellfire Gattung &amp; Behr GbR Rosenweg 18 61118 Bad Vilbel Contacto: Tel: +490610165925240 correo electr\u00f3nico: hosting@shellfire.de Responsable por el contenido: Florian Gattung, Rosenstra\u00dfe 5, 65719 Hofheim Ust-ID: DE243717430 V\u00ednculos Externos: Nosotros no tenemos ning\u00fan control sobre el contenido de paginas web externas y no podemos hacernos responsables por el contenido de ...\" \/>\n<meta property=\"og:url\" content=\"https:\/\/how-to.watch\/es\/imprint\/\" \/>\n<meta property=\"og:site_name\" content=\"How To Watch\" \/>\n<meta property=\"article:modified_time\" content=\"2017-11-17T08:31:09+00:00\" \/>\n<meta name=\"twitter:card\" content=\"summary_large_image\" \/>\n<meta name=\"twitter:label1\" content=\"Tiempo de lectura\" \/>\n\t<meta name=\"twitter:data1\" content=\"1 minuto\" \/>\n<script type=\"application\/ld+json\" class=\"yoast-schema-graph\">{\"@context\":\"https:\\\/\\\/schema.org\",\"@graph\":[{\"@type\":\"WebPage\",\"@id\":\"https:\\\/\\\/how-to.watch\\\/es\\\/imprint\\\/\",\"url\":\"https:\\\/\\\/how-to.watch\\\/es\\\/imprint\\\/\",\"name\":\"Imprint - How To Watch\",\"isPartOf\":{\"@id\":\"https:\\\/\\\/how-to.watch\\\/de\\\/#website\"},\"datePublished\":\"2017-11-17T08:29:39+00:00\",\"dateModified\":\"2017-11-17T08:31:09+00:00\",\"breadcrumb\":{\"@id\":\"https:\\\/\\\/how-to.watch\\\/es\\\/imprint\\\/#breadcrumb\"},\"inLanguage\":\"es\",\"potentialAction\":[{\"@type\":\"ReadAction\",\"target\":[\"https:\\\/\\\/how-to.watch\\\/es\\\/imprint\\\/\"]}]},{\"@type\":\"BreadcrumbList\",\"@id\":\"https:\\\/\\\/how-to.watch\\\/es\\\/imprint\\\/#breadcrumb\",\"itemListElement\":[{\"@type\":\"ListItem\",\"position\":1,\"name\":\"Accueil\",\"item\":\"https:\\\/\\\/how-to.watch\\\/es\\\/\"},{\"@type\":\"ListItem\",\"position\":2,\"name\":\"Imprint\"}]},{\"@type\":\"WebSite\",\"@id\":\"https:\\\/\\\/how-to.watch\\\/de\\\/#website\",\"url\":\"https:\\\/\\\/how-to.watch\\\/de\\\/\",\"name\":\"How To Watch\",\"description\":\"The easy way to unblock your favourite streaming sites\",\"publisher\":{\"@id\":\"https:\\\/\\\/how-to.watch\\\/de\\\/#organization\"},\"potentialAction\":[{\"@type\":\"SearchAction\",\"target\":{\"@type\":\"EntryPoint\",\"urlTemplate\":\"https:\\\/\\\/how-to.watch\\\/de\\\/?s={search_term_string}\"},\"query-input\":{\"@type\":\"PropertyValueSpecification\",\"valueRequired\":true,\"valueName\":\"search_term_string\"}}],\"inLanguage\":\"es\"},{\"@type\":\"Organization\",\"@id\":\"https:\\\/\\\/how-to.watch\\\/de\\\/#organization\",\"name\":\"how-to.watch\",\"url\":\"https:\\\/\\\/how-to.watch\\\/de\\\/\",\"logo\":{\"@type\":\"ImageObject\",\"inLanguage\":\"es\",\"@id\":\"https:\\\/\\\/how-to.watch\\\/de\\\/#\\\/schema\\\/logo\\\/image\\\/\",\"url\":\"https:\\\/\\\/how-to.watch\\\/wp-content\\\/uploads\\\/2017\\\/11\\\/blogo.png\",\"contentUrl\":\"https:\\\/\\\/how-to.watch\\\/wp-content\\\/uploads\\\/2017\\\/11\\\/blogo.png\",\"width\":4002,\"height\":1015,\"caption\":\"how-to.watch\"},\"image\":{\"@id\":\"https:\\\/\\\/how-to.watch\\\/de\\\/#\\\/schema\\\/logo\\\/image\\\/\"}}]}<\/script>\n","yoast_head_json":{"title":"Imprint - How To Watch","robots":{"index":"index","follow":"follow","max-snippet":"max-snippet:-1","max-image-preview":"max-image-preview:large","max-video-preview":"max-video-preview:-1"},"canonical":"https:\/\/how-to.watch\/es\/imprint\/","og_locale":"es_ES","og_type":"article","og_title":"Imprint - How To Watch","og_description":"how-to.watch es operado por Shellfire Gattung &amp; Behr GbR Rosenweg 18 61118 Bad Vilbel Contacto: Tel: +490610165925240 correo electr\u00f3nico: hosting@shellfire.de Responsable por el contenido: Florian Gattung, Rosenstra\u00dfe 5, 65719 Hofheim Ust-ID: DE243717430 V\u00ednculos Externos: Nosotros no tenemos ning\u00fan control sobre el contenido de paginas web externas y no podemos hacernos responsables por el contenido de ...","og_url":"https:\/\/how-to.watch\/es\/imprint\/","og_site_name":"How To Watch","article_modified_time":"2017-11-17T08:31:09+00:00","twitter_card":"summary_large_image","twitter_misc":{"Tiempo de lectura":"1 minuto"},"schema":{"@context":"https:\/\/schema.org","@graph":[{"@type":"WebPage","@id":"https:\/\/how-to.watch\/es\/imprint\/","url":"https:\/\/how-to.watch\/es\/imprint\/","name":"Imprint - How To Watch","isPartOf":{"@id":"https:\/\/how-to.watch\/de\/#website"},"datePublished":"2017-11-17T08:29:39+00:00","dateModified":"2017-11-17T08:31:09+00:00","breadcrumb":{"@id":"https:\/\/how-to.watch\/es\/imprint\/#breadcrumb"},"inLanguage":"es","potentialAction":[{"@type":"ReadAction","target":["https:\/\/how-to.watch\/es\/imprint\/"]}]},{"@type":"BreadcrumbList","@id":"https:\/\/how-to.watch\/es\/imprint\/#breadcrumb","itemListElement":[{"@type":"ListItem","position":1,"name":"Accueil","item":"https:\/\/how-to.watch\/es\/"},{"@type":"ListItem","position":2,"name":"Imprint"}]},{"@type":"WebSite","@id":"https:\/\/how-to.watch\/de\/#website","url":"https:\/\/how-to.watch\/de\/","name":"How To Watch","description":"The easy way to unblock your favourite streaming sites","publisher":{"@id":"https:\/\/how-to.watch\/de\/#organization"},"potentialAction":[{"@type":"SearchAction","target":{"@type":"EntryPoint","urlTemplate":"https:\/\/how-to.watch\/de\/?s={search_term_string}"},"query-input":{"@type":"PropertyValueSpecification","valueRequired":true,"valueName":"search_term_string"}}],"inLanguage":"es"},{"@type":"Organization","@id":"https:\/\/how-to.watch\/de\/#organization","name":"how-to.watch","url":"https:\/\/how-to.watch\/de\/","logo":{"@type":"ImageObject","inLanguage":"es","@id":"https:\/\/how-to.watch\/de\/#\/schema\/logo\/image\/","url":"https:\/\/how-to.watch\/edirewhu\/2017\/11\/blogo.png","contentUrl":"https:\/\/how-to.watch\/edirewhu\/2017\/11\/blogo.png","width":4002,"height":1015,"caption":"how-to.watch"},"image":{"@id":"https:\/\/how-to.watch\/de\/#\/schema\/logo\/image\/"}}]}},"_links":{"self":[{"href":"https:\/\/how-to.watch\/es\/wp-json\/wp\/v2\/pages\/3022","targetHints":{"allow":["GET"]}}],"collection":[{"href":"https:\/\/how-to.watch\/es\/wp-json\/wp\/v2\/pages"}],"about":[{"href":"https:\/\/how-to.watch\/es\/wp-json\/wp\/v2\/types\/page"}],"author":[{"embeddable":true,"href":"https:\/\/how-to.watch\/es\/wp-json\/wp\/v2\/users\/1"}],"replies":[{"embeddable":true,"href":"https:\/\/how-to.watch\/es\/wp-json\/wp\/v2\/comments?post=3022"}],"version-history":[{"count":1,"href":"https:\/\/how-to.watch\/es\/wp-json\/wp\/v2\/pages\/3022\/revisions"}],"predecessor-version":[{"id":3023,"href":"https:\/\/how-to.watch\/es\/wp-json\/wp\/v2\/pages\/3022\/revisions\/3023"}],"wp:attachment":[{"href":"https:\/\/how-to.watch\/es\/wp-json\/wp\/v2\/media?parent=3022"}],"curies":[{"name":"wp","href":"https:\/\/api.w.org\/{rel}","templated":true}]}}