{"id":1960,"date":"2017-11-12T18:13:12","date_gmt":"2017-11-12T18:13:12","guid":{"rendered":"https:\/\/how-to.watch\/home-page\/"},"modified":"2018-06-03T14:07:46","modified_gmt":"2018-06-03T14:07:46","slug":"home-page","status":"publish","type":"page","link":"https:\/\/how-to.watch\/fr\/","title":{"rendered":"Home page"},"content":{"rendered":"<div class=\"wpb-content-wrapper\"><p>[vc_row css=&#8221;.vc_custom_1456349460675{margin-bottom: 40px !important;}&#8221;][vc_column][slideshow layout=&#8221;grid&#8221; display=&#8221;multi_cat&#8221; autoplay=&#8221;yes&#8221; review_score=&#8221;yes&#8221; meta=&#8221;no&#8221; multi_categories=&#8221;28,12,14&#8243;][\/vc_column][\/vc_row][vc_row][vc_column width=&#8221;2\/3&#8243; css=&#8221;.vc_custom_1443640997638{background-position: center !important;background-repeat: no-repeat !important;background-size: cover !important;}&#8221; el_class=&#8221;sidebar_content left&#8221;][vc_row_inner css=&#8221;.vc_custom_1456909896908{margin-bottom: 40px !important;}&#8221;][vc_column_inner][big_scroller title=&#8221;Latest Posts&#8221; display=&#8221;posts&#8221; orderby=&#8221;rand&#8221; autoplay=&#8221;yes&#8221; review_score=&#8221;yes&#8221; meta=&#8221;no&#8221; meta_cat=&#8221;no&#8221; num_item=&#8221;2&#8243;][\/vc_column_inner][\/vc_row_inner][vc_row_inner css=&#8221;.vc_custom_1456324526196{margin-bottom: 0px !important;}&#8221;][vc_column_inner][recent_posts layout=&#8221;blog_style2&#8243; title=&#8221;Geoblocking&#8221; meta=&#8221;no&#8221; meta_author=&#8221;no&#8221; meta_date=&#8221;no&#8221; meta_cat=&#8221;no&#8221; meta_comments=&#8221;no&#8221; meta_views=&#8221;no&#8221; review_score=&#8221;yes&#8221; meta_cat_img=&#8221;no&#8221; display=&#8221;category&#8221; category=&#8221;259&#8243; num_post=&#8221;3&#8243; offset=&#8221;1&#8243;][\/vc_column_inner][\/vc_row_inner][vc_row_inner css=&#8221;.vc_custom_1456324777523{margin-bottom: 40px !important;}&#8221;][vc_column_inner][news_box layout=&#8221;news_box_3&#8243; title=&#8221;Virtual Private Networks&#8221; meta=&#8221;no&#8221; meta_author=&#8221;no&#8221; meta_date=&#8221;no&#8221; meta_cat=&#8221;no&#8221; meta_comments=&#8221;no&#8221; meta_views=&#8221;no&#8221; category=&#8221;28&#8243; orderby=&#8221;latest&#8221; num_post=&#8221;3&#8243;][news_box layout=&#8221;news_box_3&#8243; title=&#8221;Regarder en ligne en Streaming&#8221; meta=&#8221;no&#8221; meta_author=&#8221;no&#8221; meta_date=&#8221;no&#8221; meta_cat=&#8221;no&#8221; meta_comments=&#8221;no&#8221; meta_views=&#8221;no&#8221; category=&#8221;322&#8243; orderby=&#8221;latest&#8221; num_post=&#8221;3&#8243;][\/vc_column_inner][\/vc_row_inner][\/vc_column][vc_column width=&#8221;1\/3&#8243; el_class=&#8221;sidebar right Sticky&#8221; css=&#8221;.vc_custom_1456349749774{padding-top: 20px !important;background-color: #f9f9f9 !important;}&#8221;][vc_widget_sidebar sidebar_id=&#8221;primary-sidebar&#8221;][\/vc_column][\/vc_row]<\/p>\n<\/div>","protected":false},"excerpt":{"rendered":"<p>[vc_row css=&#8221;.vc_custom_1456349460675{margin-bottom: 40px !important;}&#8221;][vc_column][slideshow layout=&#8221;grid&#8221; display=&#8221;multi_cat&#8221; autoplay=&#8221;yes&#8221; review_score=&#8221;yes&#8221; meta=&#8221;no&#8221; multi_categories=&#8221;28,12,14&#8243;][\/vc_column][\/vc_row][vc_row][vc_column width=&#8221;2\/3&#8243; css=&#8221;.vc_custom_1443640997638{background-position: center !important;background-repeat: no-repeat !important;background-size: cover !important;}&#8221; el_class=&#8221;sidebar_content left&#8221;][vc_row_inner css=&#8221;.vc_custom_1456909896908{margin-bottom: 40px !important;}&#8221;][vc_column_inner][big_scroller title=&#8221;Latest Posts&#8221; display=&#8221;posts&#8221; orderby=&#8221;rand&#8221; autoplay=&#8221;yes&#8221; review_score=&#8221;yes&#8221; meta=&#8221;no&#8221; meta_cat=&#8221;no&#8221; num_item=&#8221;2&#8243;][\/vc_column_inner][\/vc_row_inner][vc_row_inner css=&#8221;.vc_custom_1456324526196{margin-bottom: 0px !important;}&#8221;][vc_column_inner][recent_posts layout=&#8221;blog_style2&#8243; title=&#8221;Geoblocking&#8221; meta=&#8221;no&#8221; meta_author=&#8221;no&#8221; meta_date=&#8221;no&#8221; meta_cat=&#8221;no&#8221; meta_comments=&#8221;no&#8221; meta_views=&#8221;no&#8221; review_score=&#8221;yes&#8221; meta_cat_img=&#8221;no&#8221; display=&#8221;category&#8221; category=&#8221;259&#8243; num_post=&#8221;3&#8243; offset=&#8221;1&#8243;][\/vc_column_inner][\/vc_row_inner][vc_row_inner css=&#8221;.vc_custom_1456324777523{margin-bottom: 40px !important;}&#8221;][vc_column_inner][news_box layout=&#8221;news_box_3&#8243; title=&#8221;Virtual Private &#8230;<\/p>\n","protected":false},"author":12,"featured_media":0,"parent":0,"menu_order":0,"comment_status":"open","ping_status":"open","template":"template-magazine.php","meta":{"footnotes":""},"class_list":["post-1960","page","type-page","status-publish","hentry"],"yoast_head":"\n<title>How to watch - D\u00e9bloquez facilement votre site de Streaming pr\u00e9f\u00e9r\u00e9.<\/title>\n<meta name=\"description\" content=\"Impossible de regarder des vid\u00e9os sur votre ordinateur, votre Smart TV ou votre console? Vous voulez regarder en VO? Suivez nos tutoriels d\u00e9taill\u00e9s!\" \/>\n<meta name=\"robots\" content=\"index, follow, max-snippet:-1, max-image-preview:large, max-video-preview:-1\" \/>\n<link rel=\"canonical\" href=\"https:\/\/how-to.watch\/fr\/\" \/>\n<meta property=\"og:locale\" content=\"fr_FR\" \/>\n<meta property=\"og:type\" content=\"article\" \/>\n<meta property=\"og:title\" content=\"How to watch - D\u00e9bloquez facilement votre site de Streaming pr\u00e9f\u00e9r\u00e9.\" \/>\n<meta property=\"og:description\" content=\"Impossible de regarder des vid\u00e9os sur votre ordinateur, votre Smart TV ou votre console? Vous voulez regarder en VO? Suivez nos tutoriels d\u00e9taill\u00e9s!\" \/>\n<meta property=\"og:url\" content=\"https:\/\/how-to.watch\/fr\/\" \/>\n<meta property=\"og:site_name\" content=\"How To Watch\" \/>\n<meta property=\"article:modified_time\" content=\"2018-06-03T14:07:46+00:00\" \/>\n<meta name=\"twitter:card\" content=\"summary_large_image\" \/>\n<meta name=\"twitter:label1\" content=\"Dur\u00e9e de lecture estim\u00e9e\" \/>\n\t<meta name=\"twitter:data1\" content=\"1 minute\" \/>\n<script type=\"application\/ld+json\" class=\"yoast-schema-graph\">{\"@context\":\"https:\\\/\\\/schema.org\",\"@graph\":[{\"@type\":\"WebPage\",\"@id\":\"https:\\\/\\\/how-to.watch\\\/fr\\\/\",\"url\":\"https:\\\/\\\/how-to.watch\\\/fr\\\/\",\"name\":\"How to watch - D\u00e9bloquez facilement votre site de Streaming pr\u00e9f\u00e9r\u00e9.\",\"isPartOf\":{\"@id\":\"https:\\\/\\\/how-to.watch\\\/de\\\/#website\"},\"datePublished\":\"2017-11-12T18:13:12+00:00\",\"dateModified\":\"2018-06-03T14:07:46+00:00\",\"description\":\"Impossible de regarder des vid\u00e9os sur votre ordinateur, votre Smart TV ou votre console? Vous voulez regarder en VO? Suivez nos tutoriels d\u00e9taill\u00e9s!\",\"breadcrumb\":{\"@id\":\"https:\\\/\\\/how-to.watch\\\/fr\\\/#breadcrumb\"},\"inLanguage\":\"fr-FR\",\"potentialAction\":[{\"@type\":\"ReadAction\",\"target\":[\"https:\\\/\\\/how-to.watch\\\/fr\\\/\"]}]},{\"@type\":\"BreadcrumbList\",\"@id\":\"https:\\\/\\\/how-to.watch\\\/fr\\\/#breadcrumb\",\"itemListElement\":[{\"@type\":\"ListItem\",\"position\":1,\"name\":\"Accueil\",\"item\":\"https:\\\/\\\/how-to.watch\\\/fr\\\/\"},{\"@type\":\"ListItem\",\"position\":2,\"name\":\"Home page\"}]},{\"@type\":\"WebSite\",\"@id\":\"https:\\\/\\\/how-to.watch\\\/de\\\/#website\",\"url\":\"https:\\\/\\\/how-to.watch\\\/de\\\/\",\"name\":\"How To Watch\",\"description\":\"The easy way to unblock your favourite streaming sites\",\"publisher\":{\"@id\":\"https:\\\/\\\/how-to.watch\\\/de\\\/#organization\"},\"potentialAction\":[{\"@type\":\"SearchAction\",\"target\":{\"@type\":\"EntryPoint\",\"urlTemplate\":\"https:\\\/\\\/how-to.watch\\\/de\\\/?s={search_term_string}\"},\"query-input\":{\"@type\":\"PropertyValueSpecification\",\"valueRequired\":true,\"valueName\":\"search_term_string\"}}],\"inLanguage\":\"fr-FR\"},{\"@type\":\"Organization\",\"@id\":\"https:\\\/\\\/how-to.watch\\\/de\\\/#organization\",\"name\":\"how-to.watch\",\"url\":\"https:\\\/\\\/how-to.watch\\\/de\\\/\",\"logo\":{\"@type\":\"ImageObject\",\"inLanguage\":\"fr-FR\",\"@id\":\"https:\\\/\\\/how-to.watch\\\/de\\\/#\\\/schema\\\/logo\\\/image\\\/\",\"url\":\"https:\\\/\\\/how-to.watch\\\/wp-content\\\/uploads\\\/2017\\\/11\\\/blogo.png\",\"contentUrl\":\"https:\\\/\\\/how-to.watch\\\/wp-content\\\/uploads\\\/2017\\\/11\\\/blogo.png\",\"width\":4002,\"height\":1015,\"caption\":\"how-to.watch\"},\"image\":{\"@id\":\"https:\\\/\\\/how-to.watch\\\/de\\\/#\\\/schema\\\/logo\\\/image\\\/\"}}]}<\/script>\n","yoast_head_json":{"title":"How to watch - D\u00e9bloquez facilement votre site de Streaming pr\u00e9f\u00e9r\u00e9.","description":"Impossible de regarder des vid\u00e9os sur votre ordinateur, votre Smart TV ou votre console? Vous voulez regarder en VO? Suivez nos tutoriels d\u00e9taill\u00e9s!","robots":{"index":"index","follow":"follow","max-snippet":"max-snippet:-1","max-image-preview":"max-image-preview:large","max-video-preview":"max-video-preview:-1"},"canonical":"https:\/\/how-to.watch\/fr\/","og_locale":"fr_FR","og_type":"article","og_title":"How to watch - D\u00e9bloquez facilement votre site de Streaming pr\u00e9f\u00e9r\u00e9.","og_description":"Impossible de regarder des vid\u00e9os sur votre ordinateur, votre Smart TV ou votre console? Vous voulez regarder en VO? Suivez nos tutoriels d\u00e9taill\u00e9s!","og_url":"https:\/\/how-to.watch\/fr\/","og_site_name":"How To Watch","article_modified_time":"2018-06-03T14:07:46+00:00","twitter_card":"summary_large_image","twitter_misc":{"Dur\u00e9e de lecture estim\u00e9e":"1 minute"},"schema":{"@context":"https:\/\/schema.org","@graph":[{"@type":"WebPage","@id":"https:\/\/how-to.watch\/fr\/","url":"https:\/\/how-to.watch\/fr\/","name":"How to watch - D\u00e9bloquez facilement votre site de Streaming pr\u00e9f\u00e9r\u00e9.","isPartOf":{"@id":"https:\/\/how-to.watch\/de\/#website"},"datePublished":"2017-11-12T18:13:12+00:00","dateModified":"2018-06-03T14:07:46+00:00","description":"Impossible de regarder des vid\u00e9os sur votre ordinateur, votre Smart TV ou votre console? Vous voulez regarder en VO? Suivez nos tutoriels d\u00e9taill\u00e9s!","breadcrumb":{"@id":"https:\/\/how-to.watch\/fr\/#breadcrumb"},"inLanguage":"fr-FR","potentialAction":[{"@type":"ReadAction","target":["https:\/\/how-to.watch\/fr\/"]}]},{"@type":"BreadcrumbList","@id":"https:\/\/how-to.watch\/fr\/#breadcrumb","itemListElement":[{"@type":"ListItem","position":1,"name":"Accueil","item":"https:\/\/how-to.watch\/fr\/"},{"@type":"ListItem","position":2,"name":"Home page"}]},{"@type":"WebSite","@id":"https:\/\/how-to.watch\/de\/#website","url":"https:\/\/how-to.watch\/de\/","name":"How To Watch","description":"The easy way to unblock your favourite streaming sites","publisher":{"@id":"https:\/\/how-to.watch\/de\/#organization"},"potentialAction":[{"@type":"SearchAction","target":{"@type":"EntryPoint","urlTemplate":"https:\/\/how-to.watch\/de\/?s={search_term_string}"},"query-input":{"@type":"PropertyValueSpecification","valueRequired":true,"valueName":"search_term_string"}}],"inLanguage":"fr-FR"},{"@type":"Organization","@id":"https:\/\/how-to.watch\/de\/#organization","name":"how-to.watch","url":"https:\/\/how-to.watch\/de\/","logo":{"@type":"ImageObject","inLanguage":"fr-FR","@id":"https:\/\/how-to.watch\/de\/#\/schema\/logo\/image\/","url":"https:\/\/how-to.watch\/edirewhu\/2017\/11\/blogo.png","contentUrl":"https:\/\/how-to.watch\/edirewhu\/2017\/11\/blogo.png","width":4002,"height":1015,"caption":"how-to.watch"},"image":{"@id":"https:\/\/how-to.watch\/de\/#\/schema\/logo\/image\/"}}]}},"_links":{"self":[{"href":"https:\/\/how-to.watch\/fr\/wp-json\/wp\/v2\/pages\/1960","targetHints":{"allow":["GET"]}}],"collection":[{"href":"https:\/\/how-to.watch\/fr\/wp-json\/wp\/v2\/pages"}],"about":[{"href":"https:\/\/how-to.watch\/fr\/wp-json\/wp\/v2\/types\/page"}],"author":[{"embeddable":true,"href":"https:\/\/how-to.watch\/fr\/wp-json\/wp\/v2\/users\/12"}],"replies":[{"embeddable":true,"href":"https:\/\/how-to.watch\/fr\/wp-json\/wp\/v2\/comments?post=1960"}],"version-history":[{"count":8,"href":"https:\/\/how-to.watch\/fr\/wp-json\/wp\/v2\/pages\/1960\/revisions"}],"predecessor-version":[{"id":3534,"href":"https:\/\/how-to.watch\/fr\/wp-json\/wp\/v2\/pages\/1960\/revisions\/3534"}],"wp:attachment":[{"href":"https:\/\/how-to.watch\/fr\/wp-json\/wp\/v2\/media?parent=1960"}],"curies":[{"name":"wp","href":"https:\/\/api.w.org\/{rel}","templated":true}]}}