{"id":2960,"date":"2017-11-16T23:02:07","date_gmt":"2017-11-16T23:02:07","guid":{"rendered":"https:\/\/how-to.watch\/mentions-legales\/"},"modified":"2021-12-29T20:38:53","modified_gmt":"2021-12-29T20:38:53","slug":"mentions-legales","status":"publish","type":"page","link":"https:\/\/how-to.watch\/fr\/mentions-legales\/","title":{"rendered":"Mentions l\u00e9gales"},"content":{"rendered":"<div class=\"post-single clearfix\">\n<p>how-to.watch est la propri\u00e9t\u00e9 de<\/p>\n<p>Shellfire Gattung &amp; Behr GbR<br \/>\nRosenweg 18<br \/>\n61118 Bad Vilbel<\/p>\n<p>Contact:<br \/>\nTel: 0610165925240<br \/>\nE-Mail: hosting@shellfire.de<\/p>\n<p>Responsable du contenu:<br \/>\nFlorian Gattung, Rosenstra\u00dfe 5, 65719 Hofheim<\/p>\n<p>Ust-ID: DE243717430<\/p>\n<p>Liens externes:<\/p>\n<p>Nous ne pouvons \u00eatre tenus pour responsable du contenu des sites point\u00e9s par un lien externe. Nous examinons rapidement leur contenu lorsque nous \u00e9tablissons le lien, n\u00e9anmoins, nous ne sommes pas en mesure de garantir la l\u00e9galit\u00e9, la l\u00e9gitimit\u00e9 ou l&#8217;exactitude du contenu dans le temps. Si vous \u00e9tiez confront\u00e9 \u00e0 un contenu inappropri\u00e9 en cliquant sur un lien, merci de nous en informer afin que nous examinions votre demande et que nous puissions supprimer le lien si n\u00e9cessaire.<\/p>\n<\/div>\n","protected":false},"excerpt":{"rendered":"<p>how-to.watch est la propri\u00e9t\u00e9 de Shellfire Gattung &amp; Behr GbR Rosenweg 18 61118 Bad Vilbel Contact: Tel: 0610165925240 E-Mail: hosting@shellfire.de Responsable du contenu: Florian Gattung, Rosenstra\u00dfe 5, 65719 Hofheim Ust-ID: DE243717430 Liens externes: Nous ne pouvons \u00eatre tenus pour responsable du contenu des sites point\u00e9s par un lien externe. Nous examinons rapidement leur contenu lorsque &#8230;<\/p>\n","protected":false},"author":1,"featured_media":0,"parent":0,"menu_order":0,"comment_status":"closed","ping_status":"closed","template":"","meta":{"footnotes":""},"class_list":["post-2960","page","type-page","status-publish","hentry"],"yoast_head":"\n<title>Mentions l\u00e9gales - How To Watch<\/title>\n<meta name=\"robots\" content=\"index, follow, max-snippet:-1, max-image-preview:large, max-video-preview:-1\" \/>\n<link rel=\"canonical\" href=\"https:\/\/how-to.watch\/fr\/mentions-legales\/\" \/>\n<meta property=\"og:locale\" content=\"fr_FR\" \/>\n<meta property=\"og:type\" content=\"article\" \/>\n<meta property=\"og:title\" content=\"Mentions l\u00e9gales - How To Watch\" \/>\n<meta property=\"og:description\" content=\"how-to.watch est la propri\u00e9t\u00e9 de Shellfire Gattung &amp; Behr GbR Rosenweg 18 61118 Bad Vilbel Contact: Tel: 0610165925240 E-Mail: hosting@shellfire.de Responsable du contenu: Florian Gattung, Rosenstra\u00dfe 5, 65719 Hofheim Ust-ID: DE243717430 Liens externes: Nous ne pouvons \u00eatre tenus pour responsable du contenu des sites point\u00e9s par un lien externe. Nous examinons rapidement leur contenu lorsque ...\" \/>\n<meta property=\"og:url\" content=\"https:\/\/how-to.watch\/fr\/mentions-legales\/\" \/>\n<meta property=\"og:site_name\" content=\"How To Watch\" \/>\n<meta property=\"article:modified_time\" content=\"2021-12-29T20:38:53+00:00\" \/>\n<meta name=\"twitter:card\" content=\"summary_large_image\" \/>\n<meta name=\"twitter:label1\" content=\"Dur\u00e9e de lecture estim\u00e9e\" \/>\n\t<meta name=\"twitter:data1\" content=\"1 minute\" \/>\n<script type=\"application\/ld+json\" class=\"yoast-schema-graph\">{\"@context\":\"https:\\\/\\\/schema.org\",\"@graph\":[{\"@type\":\"WebPage\",\"@id\":\"https:\\\/\\\/how-to.watch\\\/fr\\\/mentions-legales\\\/\",\"url\":\"https:\\\/\\\/how-to.watch\\\/fr\\\/mentions-legales\\\/\",\"name\":\"Mentions l\u00e9gales - How To Watch\",\"isPartOf\":{\"@id\":\"https:\\\/\\\/how-to.watch\\\/de\\\/#website\"},\"datePublished\":\"2017-11-16T23:02:07+00:00\",\"dateModified\":\"2021-12-29T20:38:53+00:00\",\"breadcrumb\":{\"@id\":\"https:\\\/\\\/how-to.watch\\\/fr\\\/mentions-legales\\\/#breadcrumb\"},\"inLanguage\":\"fr-FR\",\"potentialAction\":[{\"@type\":\"ReadAction\",\"target\":[\"https:\\\/\\\/how-to.watch\\\/fr\\\/mentions-legales\\\/\"]}]},{\"@type\":\"BreadcrumbList\",\"@id\":\"https:\\\/\\\/how-to.watch\\\/fr\\\/mentions-legales\\\/#breadcrumb\",\"itemListElement\":[{\"@type\":\"ListItem\",\"position\":1,\"name\":\"Accueil\",\"item\":\"https:\\\/\\\/how-to.watch\\\/fr\\\/\"},{\"@type\":\"ListItem\",\"position\":2,\"name\":\"Mentions l\u00e9gales\"}]},{\"@type\":\"WebSite\",\"@id\":\"https:\\\/\\\/how-to.watch\\\/de\\\/#website\",\"url\":\"https:\\\/\\\/how-to.watch\\\/de\\\/\",\"name\":\"How To Watch\",\"description\":\"The easy way to unblock your favourite streaming sites\",\"publisher\":{\"@id\":\"https:\\\/\\\/how-to.watch\\\/de\\\/#organization\"},\"potentialAction\":[{\"@type\":\"SearchAction\",\"target\":{\"@type\":\"EntryPoint\",\"urlTemplate\":\"https:\\\/\\\/how-to.watch\\\/de\\\/?s={search_term_string}\"},\"query-input\":{\"@type\":\"PropertyValueSpecification\",\"valueRequired\":true,\"valueName\":\"search_term_string\"}}],\"inLanguage\":\"fr-FR\"},{\"@type\":\"Organization\",\"@id\":\"https:\\\/\\\/how-to.watch\\\/de\\\/#organization\",\"name\":\"how-to.watch\",\"url\":\"https:\\\/\\\/how-to.watch\\\/de\\\/\",\"logo\":{\"@type\":\"ImageObject\",\"inLanguage\":\"fr-FR\",\"@id\":\"https:\\\/\\\/how-to.watch\\\/de\\\/#\\\/schema\\\/logo\\\/image\\\/\",\"url\":\"https:\\\/\\\/how-to.watch\\\/wp-content\\\/uploads\\\/2017\\\/11\\\/blogo.png\",\"contentUrl\":\"https:\\\/\\\/how-to.watch\\\/wp-content\\\/uploads\\\/2017\\\/11\\\/blogo.png\",\"width\":4002,\"height\":1015,\"caption\":\"how-to.watch\"},\"image\":{\"@id\":\"https:\\\/\\\/how-to.watch\\\/de\\\/#\\\/schema\\\/logo\\\/image\\\/\"}}]}<\/script>\n","yoast_head_json":{"title":"Mentions l\u00e9gales - How To Watch","robots":{"index":"index","follow":"follow","max-snippet":"max-snippet:-1","max-image-preview":"max-image-preview:large","max-video-preview":"max-video-preview:-1"},"canonical":"https:\/\/how-to.watch\/fr\/mentions-legales\/","og_locale":"fr_FR","og_type":"article","og_title":"Mentions l\u00e9gales - How To Watch","og_description":"how-to.watch est la propri\u00e9t\u00e9 de Shellfire Gattung &amp; Behr GbR Rosenweg 18 61118 Bad Vilbel Contact: Tel: 0610165925240 E-Mail: hosting@shellfire.de Responsable du contenu: Florian Gattung, Rosenstra\u00dfe 5, 65719 Hofheim Ust-ID: DE243717430 Liens externes: Nous ne pouvons \u00eatre tenus pour responsable du contenu des sites point\u00e9s par un lien externe. Nous examinons rapidement leur contenu lorsque ...","og_url":"https:\/\/how-to.watch\/fr\/mentions-legales\/","og_site_name":"How To Watch","article_modified_time":"2021-12-29T20:38:53+00:00","twitter_card":"summary_large_image","twitter_misc":{"Dur\u00e9e de lecture estim\u00e9e":"1 minute"},"schema":{"@context":"https:\/\/schema.org","@graph":[{"@type":"WebPage","@id":"https:\/\/how-to.watch\/fr\/mentions-legales\/","url":"https:\/\/how-to.watch\/fr\/mentions-legales\/","name":"Mentions l\u00e9gales - How To Watch","isPartOf":{"@id":"https:\/\/how-to.watch\/de\/#website"},"datePublished":"2017-11-16T23:02:07+00:00","dateModified":"2021-12-29T20:38:53+00:00","breadcrumb":{"@id":"https:\/\/how-to.watch\/fr\/mentions-legales\/#breadcrumb"},"inLanguage":"fr-FR","potentialAction":[{"@type":"ReadAction","target":["https:\/\/how-to.watch\/fr\/mentions-legales\/"]}]},{"@type":"BreadcrumbList","@id":"https:\/\/how-to.watch\/fr\/mentions-legales\/#breadcrumb","itemListElement":[{"@type":"ListItem","position":1,"name":"Accueil","item":"https:\/\/how-to.watch\/fr\/"},{"@type":"ListItem","position":2,"name":"Mentions l\u00e9gales"}]},{"@type":"WebSite","@id":"https:\/\/how-to.watch\/de\/#website","url":"https:\/\/how-to.watch\/de\/","name":"How To Watch","description":"The easy way to unblock your favourite streaming sites","publisher":{"@id":"https:\/\/how-to.watch\/de\/#organization"},"potentialAction":[{"@type":"SearchAction","target":{"@type":"EntryPoint","urlTemplate":"https:\/\/how-to.watch\/de\/?s={search_term_string}"},"query-input":{"@type":"PropertyValueSpecification","valueRequired":true,"valueName":"search_term_string"}}],"inLanguage":"fr-FR"},{"@type":"Organization","@id":"https:\/\/how-to.watch\/de\/#organization","name":"how-to.watch","url":"https:\/\/how-to.watch\/de\/","logo":{"@type":"ImageObject","inLanguage":"fr-FR","@id":"https:\/\/how-to.watch\/de\/#\/schema\/logo\/image\/","url":"https:\/\/how-to.watch\/edirewhu\/2017\/11\/blogo.png","contentUrl":"https:\/\/how-to.watch\/edirewhu\/2017\/11\/blogo.png","width":4002,"height":1015,"caption":"how-to.watch"},"image":{"@id":"https:\/\/how-to.watch\/de\/#\/schema\/logo\/image\/"}}]}},"_links":{"self":[{"href":"https:\/\/how-to.watch\/fr\/wp-json\/wp\/v2\/pages\/2960","targetHints":{"allow":["GET"]}}],"collection":[{"href":"https:\/\/how-to.watch\/fr\/wp-json\/wp\/v2\/pages"}],"about":[{"href":"https:\/\/how-to.watch\/fr\/wp-json\/wp\/v2\/types\/page"}],"author":[{"embeddable":true,"href":"https:\/\/how-to.watch\/fr\/wp-json\/wp\/v2\/users\/1"}],"replies":[{"embeddable":true,"href":"https:\/\/how-to.watch\/fr\/wp-json\/wp\/v2\/comments?post=2960"}],"version-history":[{"count":1,"href":"https:\/\/how-to.watch\/fr\/wp-json\/wp\/v2\/pages\/2960\/revisions"}],"predecessor-version":[{"id":12493,"href":"https:\/\/how-to.watch\/fr\/wp-json\/wp\/v2\/pages\/2960\/revisions\/12493"}],"wp:attachment":[{"href":"https:\/\/how-to.watch\/fr\/wp-json\/wp\/v2\/media?parent=2960"}],"curies":[{"name":"wp","href":"https:\/\/api.w.org\/{rel}","templated":true}]}}