{"id":2029,"date":"2017-11-13T16:49:03","date_gmt":"2017-11-13T16:49:03","guid":{"rendered":"https:\/\/how-to.watch\/home-page\/"},"modified":"2017-12-05T22:32:29","modified_gmt":"2017-12-05T22:32:29","slug":"home-page","status":"publish","type":"page","link":"https:\/\/how-to.watch\/pt-br\/","title":{"rendered":"Home page"},"content":{"rendered":"<div class=\"wpb-content-wrapper\"><p>[vc_row css=&#8221;.vc_custom_1456349460675{margin-bottom: 40px !important;}&#8221;][vc_column][slideshow layout=&#8221;grid&#8221; display=&#8221;multi_cat&#8221; autoplay=&#8221;yes&#8221; review_score=&#8221;yes&#8221; meta=&#8221;no&#8221; meta_cat=&#8221;no&#8221; multi_categories=&#8221;28,12,14&#8243;][\/vc_column][\/vc_row][vc_row][vc_column width=&#8221;2\/3&#8243; css=&#8221;.vc_custom_1443640997638{background-position: center !important;background-repeat: no-repeat !important;background-size: cover !important;}&#8221; el_class=&#8221;sidebar_content left&#8221;][vc_row_inner css=&#8221;.vc_custom_1456909896908{margin-bottom: 40px !important;}&#8221;][vc_column_inner][big_scroller title=&#8221;Latest Posts&#8221; display=&#8221;posts&#8221; orderby=&#8221;rand&#8221; autoplay=&#8221;yes&#8221; review_score=&#8221;yes&#8221; meta=&#8221;no&#8221; meta_cat=&#8221;no&#8221; num_item=&#8221;2&#8243;][\/vc_column_inner][\/vc_row_inner][vc_row_inner css=&#8221;.vc_custom_1456324526196{margin-bottom: 0px !important;}&#8221;][vc_column_inner][recent_posts layout=&#8221;blog_style2&#8243; title=&#8221;Geoblocking&#8221; meta=&#8221;no&#8221; meta_author=&#8221;no&#8221; meta_date=&#8221;no&#8221; meta_cat=&#8221;no&#8221; meta_comments=&#8221;no&#8221; meta_views=&#8221;no&#8221; review_score=&#8221;yes&#8221; meta_cat_img=&#8221;no&#8221; display=&#8221;category&#8221; category=&#8221;282&#8243; num_post=&#8221;3&#8243; offset=&#8221;1&#8243;][\/vc_column_inner][\/vc_row_inner][vc_row_inner css=&#8221;.vc_custom_1456324777523{margin-bottom: 40px !important;}&#8221;][vc_column_inner][news_box layout=&#8221;news_box_3&#8243; title=&#8221;Virtual Private Networks&#8221; meta=&#8221;no&#8221; meta_author=&#8221;no&#8221; meta_date=&#8221;no&#8221; meta_cat=&#8221;no&#8221; meta_comments=&#8221;no&#8221; meta_views=&#8221;no&#8221; category=&#8221;28&#8243; orderby=&#8221;latest&#8221; num_post=&#8221;3&#8243;][news_box layout=&#8221;news_box_3&#8243; title=&#8221;Assista Streaming Online&#8221; meta=&#8221;no&#8221; meta_author=&#8221;no&#8221; meta_date=&#8221;no&#8221; meta_cat=&#8221;no&#8221; meta_comments=&#8221;no&#8221; meta_views=&#8221;no&#8221; category=&#8221;430&#8243; orderby=&#8221;latest&#8221; num_post=&#8221;3&#8243;][\/vc_column_inner][\/vc_row_inner][\/vc_column][vc_column width=&#8221;1\/3&#8243; el_class=&#8221;sidebar right Sticky&#8221; css=&#8221;.vc_custom_1456349749774{padding-top: 20px !important;background-color: #f9f9f9 !important;}&#8221;][vc_widget_sidebar sidebar_id=&#8221;primary-sidebar&#8221;][\/vc_column][\/vc_row]<\/p>\n<\/div>","protected":false},"excerpt":{"rendered":"<p>[vc_row css=&#8221;.vc_custom_1456349460675{margin-bottom: 40px !important;}&#8221;][vc_column][slideshow layout=&#8221;grid&#8221; display=&#8221;multi_cat&#8221; autoplay=&#8221;yes&#8221; review_score=&#8221;yes&#8221; meta=&#8221;no&#8221; meta_cat=&#8221;no&#8221; multi_categories=&#8221;28,12,14&#8243;][\/vc_column][\/vc_row][vc_row][vc_column width=&#8221;2\/3&#8243; css=&#8221;.vc_custom_1443640997638{background-position: center !important;background-repeat: no-repeat !important;background-size: cover !important;}&#8221; el_class=&#8221;sidebar_content left&#8221;][vc_row_inner css=&#8221;.vc_custom_1456909896908{margin-bottom: 40px !important;}&#8221;][vc_column_inner][big_scroller title=&#8221;Latest Posts&#8221; display=&#8221;posts&#8221; orderby=&#8221;rand&#8221; autoplay=&#8221;yes&#8221; review_score=&#8221;yes&#8221; meta=&#8221;no&#8221; meta_cat=&#8221;no&#8221; num_item=&#8221;2&#8243;][\/vc_column_inner][\/vc_row_inner][vc_row_inner css=&#8221;.vc_custom_1456324526196{margin-bottom: 0px !important;}&#8221;][vc_column_inner][recent_posts layout=&#8221;blog_style2&#8243; title=&#8221;Geoblocking&#8221; meta=&#8221;no&#8221; meta_author=&#8221;no&#8221; meta_date=&#8221;no&#8221; meta_cat=&#8221;no&#8221; meta_comments=&#8221;no&#8221; meta_views=&#8221;no&#8221; review_score=&#8221;yes&#8221; meta_cat_img=&#8221;no&#8221; display=&#8221;category&#8221; category=&#8221;282&#8243; num_post=&#8221;3&#8243; offset=&#8221;1&#8243;][\/vc_column_inner][\/vc_row_inner][vc_row_inner css=&#8221;.vc_custom_1456324777523{margin-bottom: 40px !important;}&#8221;][vc_column_inner][news_box layout=&#8221;news_box_3&#8243; title=&#8221;Virtual &#8230;<\/p>\n","protected":false},"author":12,"featured_media":0,"parent":0,"menu_order":0,"comment_status":"open","ping_status":"open","template":"template-magazine.php","meta":{"footnotes":""},"class_list":["post-2029","page","type-page","status-publish","hentry"],"yoast_head":"\n<title>How to watch - o jeito f\u00e1cil de liberar seus sites de transmiss\u00e3o favoritos<\/title>\n<meta name=\"description\" content=\"O v\u00eddeo n\u00e3o est\u00e1 reproduzindo no seu laptop, Smart TV ou console de jogos? Deseja transmitir em outro idioma? Obtenha um passo a passo para todos os pa\u00edses.\" \/>\n<meta name=\"robots\" content=\"index, follow, max-snippet:-1, max-image-preview:large, max-video-preview:-1\" \/>\n<link rel=\"canonical\" href=\"https:\/\/how-to.watch\/pt-br\/\" \/>\n<meta property=\"og:locale\" content=\"pt_BR\" \/>\n<meta property=\"og:type\" content=\"article\" \/>\n<meta property=\"og:title\" content=\"How to watch - o jeito f\u00e1cil de liberar seus sites de transmiss\u00e3o favoritos\" \/>\n<meta property=\"og:description\" content=\"O v\u00eddeo n\u00e3o est\u00e1 reproduzindo no seu laptop, Smart TV ou console de jogos? Deseja transmitir em outro idioma? Obtenha um passo a passo para todos os pa\u00edses.\" \/>\n<meta property=\"og:url\" content=\"https:\/\/how-to.watch\/pt-br\/\" \/>\n<meta property=\"og:site_name\" content=\"How To Watch\" \/>\n<meta property=\"article:modified_time\" content=\"2017-12-05T22:32:29+00:00\" \/>\n<meta name=\"twitter:card\" content=\"summary_large_image\" \/>\n<meta name=\"twitter:label1\" content=\"Est. tempo de leitura\" \/>\n\t<meta name=\"twitter:data1\" content=\"1 minuto\" \/>\n<script type=\"application\/ld+json\" class=\"yoast-schema-graph\">{\"@context\":\"https:\\\/\\\/schema.org\",\"@graph\":[{\"@type\":\"WebPage\",\"@id\":\"https:\\\/\\\/how-to.watch\\\/pt-br\\\/\",\"url\":\"https:\\\/\\\/how-to.watch\\\/pt-br\\\/\",\"name\":\"How to watch - o jeito f\u00e1cil de liberar seus sites de transmiss\u00e3o favoritos\",\"isPartOf\":{\"@id\":\"https:\\\/\\\/how-to.watch\\\/de\\\/#website\"},\"datePublished\":\"2017-11-13T16:49:03+00:00\",\"dateModified\":\"2017-12-05T22:32:29+00:00\",\"description\":\"O v\u00eddeo n\u00e3o est\u00e1 reproduzindo no seu laptop, Smart TV ou console de jogos? Deseja transmitir em outro idioma? Obtenha um passo a passo para todos os pa\u00edses.\",\"breadcrumb\":{\"@id\":\"https:\\\/\\\/how-to.watch\\\/pt-br\\\/#breadcrumb\"},\"inLanguage\":\"pt-BR\",\"potentialAction\":[{\"@type\":\"ReadAction\",\"target\":[\"https:\\\/\\\/how-to.watch\\\/pt-br\\\/\"]}]},{\"@type\":\"BreadcrumbList\",\"@id\":\"https:\\\/\\\/how-to.watch\\\/pt-br\\\/#breadcrumb\",\"itemListElement\":[{\"@type\":\"ListItem\",\"position\":1,\"name\":\"Accueil\",\"item\":\"https:\\\/\\\/how-to.watch\\\/pt-br\\\/\"},{\"@type\":\"ListItem\",\"position\":2,\"name\":\"Home page\"}]},{\"@type\":\"WebSite\",\"@id\":\"https:\\\/\\\/how-to.watch\\\/de\\\/#website\",\"url\":\"https:\\\/\\\/how-to.watch\\\/de\\\/\",\"name\":\"How To Watch\",\"description\":\"The easy way to unblock your favourite streaming sites\",\"publisher\":{\"@id\":\"https:\\\/\\\/how-to.watch\\\/de\\\/#organization\"},\"potentialAction\":[{\"@type\":\"SearchAction\",\"target\":{\"@type\":\"EntryPoint\",\"urlTemplate\":\"https:\\\/\\\/how-to.watch\\\/de\\\/?s={search_term_string}\"},\"query-input\":{\"@type\":\"PropertyValueSpecification\",\"valueRequired\":true,\"valueName\":\"search_term_string\"}}],\"inLanguage\":\"pt-BR\"},{\"@type\":\"Organization\",\"@id\":\"https:\\\/\\\/how-to.watch\\\/de\\\/#organization\",\"name\":\"how-to.watch\",\"url\":\"https:\\\/\\\/how-to.watch\\\/de\\\/\",\"logo\":{\"@type\":\"ImageObject\",\"inLanguage\":\"pt-BR\",\"@id\":\"https:\\\/\\\/how-to.watch\\\/de\\\/#\\\/schema\\\/logo\\\/image\\\/\",\"url\":\"https:\\\/\\\/how-to.watch\\\/wp-content\\\/uploads\\\/2017\\\/11\\\/blogo.png\",\"contentUrl\":\"https:\\\/\\\/how-to.watch\\\/wp-content\\\/uploads\\\/2017\\\/11\\\/blogo.png\",\"width\":4002,\"height\":1015,\"caption\":\"how-to.watch\"},\"image\":{\"@id\":\"https:\\\/\\\/how-to.watch\\\/de\\\/#\\\/schema\\\/logo\\\/image\\\/\"}}]}<\/script>\n","yoast_head_json":{"title":"How to watch - o jeito f\u00e1cil de liberar seus sites de transmiss\u00e3o favoritos","description":"O v\u00eddeo n\u00e3o est\u00e1 reproduzindo no seu laptop, Smart TV ou console de jogos? Deseja transmitir em outro idioma? Obtenha um passo a passo para todos os pa\u00edses.","robots":{"index":"index","follow":"follow","max-snippet":"max-snippet:-1","max-image-preview":"max-image-preview:large","max-video-preview":"max-video-preview:-1"},"canonical":"https:\/\/how-to.watch\/pt-br\/","og_locale":"pt_BR","og_type":"article","og_title":"How to watch - o jeito f\u00e1cil de liberar seus sites de transmiss\u00e3o favoritos","og_description":"O v\u00eddeo n\u00e3o est\u00e1 reproduzindo no seu laptop, Smart TV ou console de jogos? Deseja transmitir em outro idioma? Obtenha um passo a passo para todos os pa\u00edses.","og_url":"https:\/\/how-to.watch\/pt-br\/","og_site_name":"How To Watch","article_modified_time":"2017-12-05T22:32:29+00:00","twitter_card":"summary_large_image","twitter_misc":{"Est. tempo de leitura":"1 minuto"},"schema":{"@context":"https:\/\/schema.org","@graph":[{"@type":"WebPage","@id":"https:\/\/how-to.watch\/pt-br\/","url":"https:\/\/how-to.watch\/pt-br\/","name":"How to watch - o jeito f\u00e1cil de liberar seus sites de transmiss\u00e3o favoritos","isPartOf":{"@id":"https:\/\/how-to.watch\/de\/#website"},"datePublished":"2017-11-13T16:49:03+00:00","dateModified":"2017-12-05T22:32:29+00:00","description":"O v\u00eddeo n\u00e3o est\u00e1 reproduzindo no seu laptop, Smart TV ou console de jogos? Deseja transmitir em outro idioma? Obtenha um passo a passo para todos os pa\u00edses.","breadcrumb":{"@id":"https:\/\/how-to.watch\/pt-br\/#breadcrumb"},"inLanguage":"pt-BR","potentialAction":[{"@type":"ReadAction","target":["https:\/\/how-to.watch\/pt-br\/"]}]},{"@type":"BreadcrumbList","@id":"https:\/\/how-to.watch\/pt-br\/#breadcrumb","itemListElement":[{"@type":"ListItem","position":1,"name":"Accueil","item":"https:\/\/how-to.watch\/pt-br\/"},{"@type":"ListItem","position":2,"name":"Home page"}]},{"@type":"WebSite","@id":"https:\/\/how-to.watch\/de\/#website","url":"https:\/\/how-to.watch\/de\/","name":"How To Watch","description":"The easy way to unblock your favourite streaming sites","publisher":{"@id":"https:\/\/how-to.watch\/de\/#organization"},"potentialAction":[{"@type":"SearchAction","target":{"@type":"EntryPoint","urlTemplate":"https:\/\/how-to.watch\/de\/?s={search_term_string}"},"query-input":{"@type":"PropertyValueSpecification","valueRequired":true,"valueName":"search_term_string"}}],"inLanguage":"pt-BR"},{"@type":"Organization","@id":"https:\/\/how-to.watch\/de\/#organization","name":"how-to.watch","url":"https:\/\/how-to.watch\/de\/","logo":{"@type":"ImageObject","inLanguage":"pt-BR","@id":"https:\/\/how-to.watch\/de\/#\/schema\/logo\/image\/","url":"https:\/\/how-to.watch\/edirewhu\/2017\/11\/blogo.png","contentUrl":"https:\/\/how-to.watch\/edirewhu\/2017\/11\/blogo.png","width":4002,"height":1015,"caption":"how-to.watch"},"image":{"@id":"https:\/\/how-to.watch\/de\/#\/schema\/logo\/image\/"}}]}},"_links":{"self":[{"href":"https:\/\/how-to.watch\/pt-br\/wp-json\/wp\/v2\/pages\/2029","targetHints":{"allow":["GET"]}}],"collection":[{"href":"https:\/\/how-to.watch\/pt-br\/wp-json\/wp\/v2\/pages"}],"about":[{"href":"https:\/\/how-to.watch\/pt-br\/wp-json\/wp\/v2\/types\/page"}],"author":[{"embeddable":true,"href":"https:\/\/how-to.watch\/pt-br\/wp-json\/wp\/v2\/users\/12"}],"replies":[{"embeddable":true,"href":"https:\/\/how-to.watch\/pt-br\/wp-json\/wp\/v2\/comments?post=2029"}],"version-history":[{"count":5,"href":"https:\/\/how-to.watch\/pt-br\/wp-json\/wp\/v2\/pages\/2029\/revisions"}],"predecessor-version":[{"id":3940,"href":"https:\/\/how-to.watch\/pt-br\/wp-json\/wp\/v2\/pages\/2029\/revisions\/3940"}],"wp:attachment":[{"href":"https:\/\/how-to.watch\/pt-br\/wp-json\/wp\/v2\/media?parent=2029"}],"curies":[{"name":"wp","href":"https:\/\/api.w.org\/{rel}","templated":true}]}}