{"id":3000,"date":"2017-11-17T00:59:18","date_gmt":"2017-11-17T00:59:18","guid":{"rendered":"https:\/\/how-to.watch\/selo-editorial\/"},"modified":"2017-11-17T00:59:18","modified_gmt":"2017-11-17T00:59:18","slug":"selo-editorial","status":"publish","type":"page","link":"https:\/\/how-to.watch\/pt-br\/selo-editorial\/","title":{"rendered":"Selo Editorial"},"content":{"rendered":"<div class=\"post-single clearfix\">\n<p>how-to.watch \u00e9 operado por<\/p>\n<p>Shellfire Gattung &amp; Behr GbR<br \/>\nRosenweg 18<br \/>\n61118 Bad Vilbel<\/p>\n<p>Contato:<br \/>\nTel: 0610165925240<br \/>\nE-Mail: hosting@shellfire.de<\/p>\n<p>Respons\u00e1vel pelo conte\u00fado:<br \/>\nFlorian Gattung, Rosenstra\u00dfe 5, 65719 Hofheim<\/p>\n<p>Ust-ID: DE243717430<\/p>\n<p>Links externos:<\/p>\n<p><span id=\"result_box\" class=\"\" lang=\"pt\" tabindex=\"-1\">N\u00e3o temos controle sobre o conte\u00fado de sites externos e n\u00e3o podemos nos responsabilizar pelo conte\u00fado de sites externos. Verificamos cuidadosamente o conte\u00fado ao configurar o link, mas n\u00e3o podemos garantir a legalidade de seu conte\u00fado mais tarde. Se voc\u00ea reconhecer conte\u00fado ilegal, informe-nos imediatamente. Em seguida, verificaremos sua mensagem e removeremos os links, se apropriado.<\/span><\/p>\n<\/div>\n","protected":false},"excerpt":{"rendered":"<p>how-to.watch \u00e9 operado por Shellfire Gattung &amp; Behr GbR Rosenweg 18 61118 Bad Vilbel Contato: Tel: 0610165925240 E-Mail: hosting@shellfire.de Respons\u00e1vel pelo conte\u00fado: Florian Gattung, Rosenstra\u00dfe 5, 65719 Hofheim Ust-ID: DE243717430 Links externos: N\u00e3o temos controle sobre o conte\u00fado de sites externos e n\u00e3o podemos nos responsabilizar pelo conte\u00fado de sites externos. Verificamos cuidadosamente o conte\u00fado &#8230;<\/p>\n","protected":false},"author":1,"featured_media":0,"parent":0,"menu_order":0,"comment_status":"closed","ping_status":"closed","template":"","meta":{"footnotes":""},"class_list":["post-3000","page","type-page","status-publish","hentry"],"yoast_head":"\n<title>Selo Editorial - How To Watch<\/title>\n<meta name=\"robots\" content=\"index, follow, max-snippet:-1, max-image-preview:large, max-video-preview:-1\" \/>\n<link rel=\"canonical\" href=\"https:\/\/how-to.watch\/pt-br\/selo-editorial\/\" \/>\n<meta property=\"og:locale\" content=\"pt_BR\" \/>\n<meta property=\"og:type\" content=\"article\" \/>\n<meta property=\"og:title\" content=\"Selo Editorial - How To Watch\" \/>\n<meta property=\"og:description\" content=\"how-to.watch \u00e9 operado por Shellfire Gattung &amp; Behr GbR Rosenweg 18 61118 Bad Vilbel Contato: Tel: 0610165925240 E-Mail: hosting@shellfire.de Respons\u00e1vel pelo conte\u00fado: Florian Gattung, Rosenstra\u00dfe 5, 65719 Hofheim Ust-ID: DE243717430 Links externos: N\u00e3o temos controle sobre o conte\u00fado de sites externos e n\u00e3o podemos nos responsabilizar pelo conte\u00fado de sites externos. Verificamos cuidadosamente o conte\u00fado ...\" \/>\n<meta property=\"og:url\" content=\"https:\/\/how-to.watch\/pt-br\/selo-editorial\/\" \/>\n<meta property=\"og:site_name\" content=\"How To Watch\" \/>\n<meta name=\"twitter:card\" content=\"summary_large_image\" \/>\n<script type=\"application\/ld+json\" class=\"yoast-schema-graph\">{\"@context\":\"https:\\\/\\\/schema.org\",\"@graph\":[{\"@type\":\"WebPage\",\"@id\":\"https:\\\/\\\/how-to.watch\\\/pt-br\\\/selo-editorial\\\/\",\"url\":\"https:\\\/\\\/how-to.watch\\\/pt-br\\\/selo-editorial\\\/\",\"name\":\"Selo Editorial - How To Watch\",\"isPartOf\":{\"@id\":\"https:\\\/\\\/how-to.watch\\\/de\\\/#website\"},\"datePublished\":\"2017-11-17T00:59:18+00:00\",\"breadcrumb\":{\"@id\":\"https:\\\/\\\/how-to.watch\\\/pt-br\\\/selo-editorial\\\/#breadcrumb\"},\"inLanguage\":\"pt-BR\",\"potentialAction\":[{\"@type\":\"ReadAction\",\"target\":[\"https:\\\/\\\/how-to.watch\\\/pt-br\\\/selo-editorial\\\/\"]}]},{\"@type\":\"BreadcrumbList\",\"@id\":\"https:\\\/\\\/how-to.watch\\\/pt-br\\\/selo-editorial\\\/#breadcrumb\",\"itemListElement\":[{\"@type\":\"ListItem\",\"position\":1,\"name\":\"Accueil\",\"item\":\"https:\\\/\\\/how-to.watch\\\/pt-br\\\/\"},{\"@type\":\"ListItem\",\"position\":2,\"name\":\"Selo Editorial\"}]},{\"@type\":\"WebSite\",\"@id\":\"https:\\\/\\\/how-to.watch\\\/de\\\/#website\",\"url\":\"https:\\\/\\\/how-to.watch\\\/de\\\/\",\"name\":\"How To Watch\",\"description\":\"The easy way to unblock your favourite streaming sites\",\"publisher\":{\"@id\":\"https:\\\/\\\/how-to.watch\\\/de\\\/#organization\"},\"potentialAction\":[{\"@type\":\"SearchAction\",\"target\":{\"@type\":\"EntryPoint\",\"urlTemplate\":\"https:\\\/\\\/how-to.watch\\\/de\\\/?s={search_term_string}\"},\"query-input\":{\"@type\":\"PropertyValueSpecification\",\"valueRequired\":true,\"valueName\":\"search_term_string\"}}],\"inLanguage\":\"pt-BR\"},{\"@type\":\"Organization\",\"@id\":\"https:\\\/\\\/how-to.watch\\\/de\\\/#organization\",\"name\":\"how-to.watch\",\"url\":\"https:\\\/\\\/how-to.watch\\\/de\\\/\",\"logo\":{\"@type\":\"ImageObject\",\"inLanguage\":\"pt-BR\",\"@id\":\"https:\\\/\\\/how-to.watch\\\/de\\\/#\\\/schema\\\/logo\\\/image\\\/\",\"url\":\"https:\\\/\\\/how-to.watch\\\/wp-content\\\/uploads\\\/2017\\\/11\\\/blogo.png\",\"contentUrl\":\"https:\\\/\\\/how-to.watch\\\/wp-content\\\/uploads\\\/2017\\\/11\\\/blogo.png\",\"width\":4002,\"height\":1015,\"caption\":\"how-to.watch\"},\"image\":{\"@id\":\"https:\\\/\\\/how-to.watch\\\/de\\\/#\\\/schema\\\/logo\\\/image\\\/\"}}]}<\/script>\n","yoast_head_json":{"title":"Selo Editorial - How To Watch","robots":{"index":"index","follow":"follow","max-snippet":"max-snippet:-1","max-image-preview":"max-image-preview:large","max-video-preview":"max-video-preview:-1"},"canonical":"https:\/\/how-to.watch\/pt-br\/selo-editorial\/","og_locale":"pt_BR","og_type":"article","og_title":"Selo Editorial - How To Watch","og_description":"how-to.watch \u00e9 operado por Shellfire Gattung &amp; Behr GbR Rosenweg 18 61118 Bad Vilbel Contato: Tel: 0610165925240 E-Mail: hosting@shellfire.de Respons\u00e1vel pelo conte\u00fado: Florian Gattung, Rosenstra\u00dfe 5, 65719 Hofheim Ust-ID: DE243717430 Links externos: N\u00e3o temos controle sobre o conte\u00fado de sites externos e n\u00e3o podemos nos responsabilizar pelo conte\u00fado de sites externos. Verificamos cuidadosamente o conte\u00fado ...","og_url":"https:\/\/how-to.watch\/pt-br\/selo-editorial\/","og_site_name":"How To Watch","twitter_card":"summary_large_image","schema":{"@context":"https:\/\/schema.org","@graph":[{"@type":"WebPage","@id":"https:\/\/how-to.watch\/pt-br\/selo-editorial\/","url":"https:\/\/how-to.watch\/pt-br\/selo-editorial\/","name":"Selo Editorial - How To Watch","isPartOf":{"@id":"https:\/\/how-to.watch\/de\/#website"},"datePublished":"2017-11-17T00:59:18+00:00","breadcrumb":{"@id":"https:\/\/how-to.watch\/pt-br\/selo-editorial\/#breadcrumb"},"inLanguage":"pt-BR","potentialAction":[{"@type":"ReadAction","target":["https:\/\/how-to.watch\/pt-br\/selo-editorial\/"]}]},{"@type":"BreadcrumbList","@id":"https:\/\/how-to.watch\/pt-br\/selo-editorial\/#breadcrumb","itemListElement":[{"@type":"ListItem","position":1,"name":"Accueil","item":"https:\/\/how-to.watch\/pt-br\/"},{"@type":"ListItem","position":2,"name":"Selo Editorial"}]},{"@type":"WebSite","@id":"https:\/\/how-to.watch\/de\/#website","url":"https:\/\/how-to.watch\/de\/","name":"How To Watch","description":"The easy way to unblock your favourite streaming sites","publisher":{"@id":"https:\/\/how-to.watch\/de\/#organization"},"potentialAction":[{"@type":"SearchAction","target":{"@type":"EntryPoint","urlTemplate":"https:\/\/how-to.watch\/de\/?s={search_term_string}"},"query-input":{"@type":"PropertyValueSpecification","valueRequired":true,"valueName":"search_term_string"}}],"inLanguage":"pt-BR"},{"@type":"Organization","@id":"https:\/\/how-to.watch\/de\/#organization","name":"how-to.watch","url":"https:\/\/how-to.watch\/de\/","logo":{"@type":"ImageObject","inLanguage":"pt-BR","@id":"https:\/\/how-to.watch\/de\/#\/schema\/logo\/image\/","url":"https:\/\/how-to.watch\/edirewhu\/2017\/11\/blogo.png","contentUrl":"https:\/\/how-to.watch\/edirewhu\/2017\/11\/blogo.png","width":4002,"height":1015,"caption":"how-to.watch"},"image":{"@id":"https:\/\/how-to.watch\/de\/#\/schema\/logo\/image\/"}}]}},"_links":{"self":[{"href":"https:\/\/how-to.watch\/pt-br\/wp-json\/wp\/v2\/pages\/3000","targetHints":{"allow":["GET"]}}],"collection":[{"href":"https:\/\/how-to.watch\/pt-br\/wp-json\/wp\/v2\/pages"}],"about":[{"href":"https:\/\/how-to.watch\/pt-br\/wp-json\/wp\/v2\/types\/page"}],"author":[{"embeddable":true,"href":"https:\/\/how-to.watch\/pt-br\/wp-json\/wp\/v2\/users\/1"}],"replies":[{"embeddable":true,"href":"https:\/\/how-to.watch\/pt-br\/wp-json\/wp\/v2\/comments?post=3000"}],"version-history":[{"count":0,"href":"https:\/\/how-to.watch\/pt-br\/wp-json\/wp\/v2\/pages\/3000\/revisions"}],"wp:attachment":[{"href":"https:\/\/how-to.watch\/pt-br\/wp-json\/wp\/v2\/media?parent=3000"}],"curies":[{"name":"wp","href":"https:\/\/api.w.org\/{rel}","templated":true}]}}